{"id":89,"date":"2025-06-30T15:13:53","date_gmt":"2025-06-30T15:13:53","guid":{"rendered":"https:\/\/odontotubarao.com.br\/?page_id=89"},"modified":"2025-06-30T19:42:08","modified_gmt":"2025-06-30T19:42:08","slug":"cta","status":"publish","type":"page","link":"https:\/\/odontotubarao.com.br\/index.php\/cta\/","title":{"rendered":"CTA"},"content":{"rendered":"\n<style>\n  \/* Se\u00e7\u00e3o CTA *\/\n  #cta {\n    background-color: #f40002;\n    padding: 3rem 1rem;\n    font-family: 'Poppins', sans-serif;\n  }\n  #cta .cta-wrapper {\n    max-width: 72rem;\n    margin: 0 auto;\n  }\n  #cta .cta-content {\n    display: flex;\n    flex-direction: column;\n    align-items: center;\n    text-align: center;\n    gap: 1.5rem;\n  }\n  #cta .cta-content h2 {\n    margin: 0;\n    color: #fff;\n    font-size: 2.25rem;\n    font-weight: 700;\n    line-height: 1.25;\n  }\n  #cta .cta-content p {\n    margin: 0;\n    color: #fff;\n    font-size: 1rem;\n    line-height: 1.375;\n    max-width: 28rem;\n  }\n  #cta .cta-button {\n    display: inline-flex;\n    align-items: center;\n    background: #fff;\n    border-radius: 9999px;\n    padding: 1rem 2rem;\n    gap: 1rem;\n    text-decoration: none;\n    transition: filter .2s;\n    white-space: nowrap;\n  }\n  #cta .cta-button:hover {\n    filter: brightness(0.95);\n  }\n  #cta .cta-button img {\n    display: block;\n  }\n  #cta .cta-button span {\n    color: #f40002;\n    font-weight: 700;\n    font-size: 1.5rem;\n  }\n\n  \/* === AQUI EST\u00c1 A MUDAN\u00c7A === *\/\n  @media (min-width: 768px) {\n    #cta .cta-content {\n      flex-direction: row;\n      align-items: center;     \/* garante vertical centering *\/\n      justify-content: center; \/* mant\u00e9m o grupo centralizado *\/\n      gap: 4rem;\n    }\n  }\n<\/style>\n\n<section id=\"cta\">\n  <div class=\"cta-wrapper\">\n    <div class=\"cta-content\">\n      <div>\n        <h2>Agende uma Avalia\u00e7\u00e3o<\/h2>\n        <p>\n          <strong>Clique no bot\u00e3o de WhatsApp<\/strong> e informe o dia e<br>\n          hor\u00e1rio que deseja comparecer para sua Avalia\u00e7\u00e3o.\n        <\/p>\n      <\/div>\n      <a href=\"https:\/\/wa.me\/5548999999999\"\n         target=\"_blank\" rel=\"noopener noreferrer\"\n         class=\"cta-button\" aria-label=\"Agendar via WhatsApp\"\n      >\n        <img loading=\"lazy\" decoding=\"async\" src=\"https:\/\/odontotubarao.com.br\/wp-content\/uploads\/2025\/06\/Icon_whatsapp_red_bigger.png\"\n             alt=\"WhatsApp\" width=\"38\" height=\"38\"\/>\n        <span>WhatsApp<\/span>\n      <\/a>\n    <\/div>\n  <\/div>\n<\/section>\n\n\n","protected":false},"excerpt":{"rendered":"<p>Agende uma Avalia\u00e7\u00e3o Clique no bot\u00e3o de WhatsApp e informe o dia e hor\u00e1rio que deseja comparecer para sua Avalia\u00e7\u00e3o. WhatsApp<\/p>\n","protected":false},"author":2,"featured_media":0,"parent":0,"menu_order":0,"comment_status":"closed","ping_status":"closed","template":"","meta":{"_acf_changed":false,"_uag_custom_page_level_css":"","footnotes":""},"class_list":["post-89","page","type-page","status-publish","hentry"],"blocksy_meta":[],"acf":[],"uagb_featured_image_src":{"full":false,"thumbnail":false,"medium":false,"medium_large":false,"large":false,"1536x1536":false,"2048x2048":false},"uagb_author_info":{"display_name":"Paulo Henrique Theilacker","author_link":"https:\/\/odontotubarao.com.br\/index.php\/author\/paulohenriquetheilacker\/"},"uagb_comment_info":0,"uagb_excerpt":"Agende uma Avalia\u00e7\u00e3o Clique no bot\u00e3o de WhatsApp e informe o dia e hor\u00e1rio que deseja comparecer para sua Avalia\u00e7\u00e3o. WhatsApp","_links":{"self":[{"href":"https:\/\/odontotubarao.com.br\/index.php\/wp-json\/wp\/v2\/pages\/89","targetHints":{"allow":["GET"]}}],"collection":[{"href":"https:\/\/odontotubarao.com.br\/index.php\/wp-json\/wp\/v2\/pages"}],"about":[{"href":"https:\/\/odontotubarao.com.br\/index.php\/wp-json\/wp\/v2\/types\/page"}],"author":[{"embeddable":true,"href":"https:\/\/odontotubarao.com.br\/index.php\/wp-json\/wp\/v2\/users\/2"}],"replies":[{"embeddable":true,"href":"https:\/\/odontotubarao.com.br\/index.php\/wp-json\/wp\/v2\/comments?post=89"}],"version-history":[{"count":11,"href":"https:\/\/odontotubarao.com.br\/index.php\/wp-json\/wp\/v2\/pages\/89\/revisions"}],"predecessor-version":[{"id":188,"href":"https:\/\/odontotubarao.com.br\/index.php\/wp-json\/wp\/v2\/pages\/89\/revisions\/188"}],"wp:attachment":[{"href":"https:\/\/odontotubarao.com.br\/index.php\/wp-json\/wp\/v2\/media?parent=89"}],"curies":[{"name":"wp","href":"https:\/\/api.w.org\/{rel}","templated":true}]}}