{"id":164,"date":"2025-06-30T18:47:01","date_gmt":"2025-06-30T18:47:01","guid":{"rendered":"https:\/\/odontotubarao.com.br\/?page_id=164"},"modified":"2025-06-30T18:47:12","modified_gmt":"2025-06-30T18:47:12","slug":"rodape","status":"publish","type":"page","link":"https:\/\/odontotubarao.com.br\/index.php\/rodape\/","title":{"rendered":"Rodap\u00e9"},"content":{"rendered":"\n<!-- Rodap\u00e9 -->\n<footer style=\"background-color: #f40002; padding: 32px 0;\">\n  <div style=\"max-width: 1280px; margin: 0 auto; padding: 0 16px;\">\n    <p style=\"\n      color: #ffffff;\n      text-align: center;\n      font-size: 0.875rem;\n      font-family: Poppins, sans-serif;\n      margin: 0;\n    \">\n      2025 \u00a9 Tubar\u00e3o Assist\u00eancia Odontol\u00f3gica \u2013 Todos os direitos reservados\n    <\/p>\n  <\/div>\n<\/footer>\n\n","protected":false},"excerpt":{"rendered":"<p>2025 \u00a9 Tubar\u00e3o Assist\u00eancia Odontol\u00f3gica \u2013 Todos os direitos reservados<\/p>\n","protected":false},"author":2,"featured_media":0,"parent":0,"menu_order":0,"comment_status":"closed","ping_status":"closed","template":"","meta":{"_acf_changed":false,"_uag_custom_page_level_css":"","footnotes":""},"class_list":["post-164","page","type-page","status-publish","hentry"],"blocksy_meta":[],"acf":[],"uagb_featured_image_src":{"full":false,"thumbnail":false,"medium":false,"medium_large":false,"large":false,"1536x1536":false,"2048x2048":false},"uagb_author_info":{"display_name":"Paulo Henrique Theilacker","author_link":"https:\/\/odontotubarao.com.br\/index.php\/author\/paulohenriquetheilacker\/"},"uagb_comment_info":0,"uagb_excerpt":"2025 \u00a9 Tubar\u00e3o Assist\u00eancia Odontol\u00f3gica \u2013 Todos os direitos reservados","_links":{"self":[{"href":"https:\/\/odontotubarao.com.br\/index.php\/wp-json\/wp\/v2\/pages\/164","targetHints":{"allow":["GET"]}}],"collection":[{"href":"https:\/\/odontotubarao.com.br\/index.php\/wp-json\/wp\/v2\/pages"}],"about":[{"href":"https:\/\/odontotubarao.com.br\/index.php\/wp-json\/wp\/v2\/types\/page"}],"author":[{"embeddable":true,"href":"https:\/\/odontotubarao.com.br\/index.php\/wp-json\/wp\/v2\/users\/2"}],"replies":[{"embeddable":true,"href":"https:\/\/odontotubarao.com.br\/index.php\/wp-json\/wp\/v2\/comments?post=164"}],"version-history":[{"count":2,"href":"https:\/\/odontotubarao.com.br\/index.php\/wp-json\/wp\/v2\/pages\/164\/revisions"}],"predecessor-version":[{"id":166,"href":"https:\/\/odontotubarao.com.br\/index.php\/wp-json\/wp\/v2\/pages\/164\/revisions\/166"}],"wp:attachment":[{"href":"https:\/\/odontotubarao.com.br\/index.php\/wp-json\/wp\/v2\/media?parent=164"}],"curies":[{"name":"wp","href":"https:\/\/api.w.org\/{rel}","templated":true}]}}