{"id":161,"date":"2025-06-30T18:44:54","date_gmt":"2025-06-30T18:44:54","guid":{"rendered":"https:\/\/odontotubarao.com.br\/?page_id=161"},"modified":"2025-06-30T18:45:10","modified_gmt":"2025-06-30T18:45:10","slug":"contato","status":"publish","type":"page","link":"https:\/\/odontotubarao.com.br\/index.php\/contato\/","title":{"rendered":"Contato"},"content":{"rendered":"\n<!-- Se\u00e7\u00e3o de Contato -->\n<section id=\"contato\" style=\"background-color: #ffffff; padding: 64px 0;\">\n  <div style=\"max-width: 1280px; margin: 0 auto; padding: 0 16px;\">\n\n    <!-- Cabe\u00e7alho -->\n    <div style=\"text-align: center; margin-bottom: 48px;\">\n      <h2 style=\"\n        color: #038dff;\n        font-size: 2rem;\n        font-weight: 700;\n        margin-bottom: 8px;\n        font-family: Poppins, sans-serif;\n      \">\n        Entre em contato\n      <\/h2>\n      <p style=\"\n        color: #000000;\n        font-size: 1rem;\n        font-family: Poppins, sans-serif;\n      \">\n        Utilize os canais dispon\u00edveis ou fa\u00e7a-nos uma visita!\n      <\/p>\n    <\/div>\n\n    <!-- Conte\u00fado em duas colunas -->\n    <div style=\"\n      display: flex;\n      flex-wrap: wrap;\n      gap: 32px;\n      align-items: flex-start;\n      justify-content: center;\n    \">\n\n      <!-- Coluna esquerda: informa\u00e7\u00f5es de contato -->\n      <div style=\"flex: 1 1 300px; max-width: 480px; display: flex; flex-direction: column; gap: 32px;\">\n\n        <!-- Hor\u00e1rios -->\n        <div>\n          <h3 style=\"\n            color: #038dff;\n            font-size: 1.25rem;\n            font-weight: 700;\n            margin-bottom: 8px;\n            font-family: Poppins, sans-serif;\n          \">\n            Hor\u00e1rios\n          <\/h3>\n          <div style=\"display: flex; gap: 8px; align-items: flex-start;\">\n            <img loading=\"lazy\" decoding=\"async\" src=\"https:\/\/odontotubarao.com.br\/wp-content\/uploads\/2025\/06\/Icon_hour.png\"\n                 alt=\"Hor\u00e1rio\"\n                 width=\"20\" height=\"20\"\n                 style=\"margin-top: 4px;\" \/>\n            <div style=\"display: flex; flex-direction: column; gap: 4px;\">\n              <span style=\"color: #000000; font-size: 0.95rem; font-family: Poppins, sans-serif;\">\n                Segunda \u00e0 Sexta\n              <\/span>\n              <span style=\"color: #000000; font-size: 0.95rem; font-family: Poppins, sans-serif;\">\n                08h \u00e0s 20:30h\n              <\/span>\n            <\/div>\n          <\/div>\n        <\/div>\n\n        <!-- Telefone \/ WhatsApp -->\n        <div>\n          <h3 style=\"\n            color: #038dff;\n            font-size: 1.25rem;\n            font-weight: 700;\n            margin-bottom: 8px;\n            font-family: Poppins, sans-serif;\n          \">\n            Telefone\n          <\/h3>\n          <div style=\"display: flex; flex-direction: column; gap: 12px;\">\n            <div style=\"display: flex; gap: 8px; align-items: center;\">\n              <img loading=\"lazy\" decoding=\"async\" src=\"https:\/\/odontotubarao.com.br\/wp-content\/uploads\/2025\/06\/Icon_telephone.png\"\n                   alt=\"Telefone\"\n                   width=\"20\" height=\"20\" \/>\n              <span style=\"color: #000000; font-size: 0.95rem; font-family: Poppins, sans-serif;\">\n                (48) 3626-8183\n              <\/span>\n            <\/div>\n            <div style=\"display: flex; gap: 8px; align-items: center;\">\n              <img loading=\"lazy\" decoding=\"async\" src=\"https:\/\/odontotubarao.com.br\/wp-content\/uploads\/2025\/06\/Icon_whatsapp_black.png\"\n                   alt=\"WhatsApp\"\n                   width=\"20\" height=\"20\" \/>\n              <span style=\"color: #000000; font-size: 0.95rem; font-family: Poppins, sans-serif;\">\n                (48) 99958-4399\n              <\/span>\n            <\/div>\n          <\/div>\n        <\/div>\n\n        <!-- Endere\u00e7o -->\n        <div>\n          <h3 style=\"\n            color: #038dff;\n            font-size: 1.25rem;\n            font-weight: 700;\n            margin-bottom: 8px;\n            font-family: Poppins, sans-serif;\n          \">\n            Endere\u00e7o\n          <\/h3>\n          <div style=\"display: flex; gap: 8px; align-items: flex-start;\">\n            <img loading=\"lazy\" decoding=\"async\" src=\"https:\/\/odontotubarao.com.br\/wp-content\/uploads\/2025\/06\/Icon_location.png\"\n                 alt=\"Localiza\u00e7\u00e3o\"\n                 width=\"20\" height=\"20\"\n                 style=\"margin-top: 4px;\" \/>\n            <div style=\"display: flex; flex-direction: column; gap: 4px;\">\n              <span style=\"color: #000000; font-size: 0.95rem; font-family: Poppins, sans-serif;\">\n                Av. Marcolino Martins Cabral,\n              <\/span>\n              <span style=\"color: #000000; font-size: 0.95rem; font-family: Poppins, sans-serif;\">\n                Centro Comercial EJB, 926.\n              <\/span>\n              <span style=\"color: #000000; font-size: 0.95rem; font-family: Poppins, sans-serif;\">\n                7\u00ba Andar \u2013 Sala 713\n              <\/span>\n            <\/div>\n          <\/div>\n        <\/div>\n\n      <\/div>\n\n      <!-- Coluna direita: mapa -->\n      <div style=\"\n        flex: 1 1 300px;\n        max-width: 600px;\n        height: 400px;\n        border-radius: 16px;\n        overflow: hidden;\n        box-shadow: 0 4px 20px rgba(0,0,0,0.1);\n      \">\n        <iframe\n          src=\"https:\/\/www.google.com\/maps\/embed?pb=!1m18!1m12!1m3!1d3519.747432486905!2d-48.63346792374444!3d-28.481751575002925!2m3!1f0!2f0!3f0!3m2!1i1024!2i768!4f13.1!3m3!1m2!1s0x9521504e5a91a895%3A0x4b77cd78f6fced0c!2sAv.%20Marcolino%20Martins%20Cabral%2C%20926%20-%20Centro%2C%20Tubar%C3%A3o%20-%20SC%2C%2088701-001!5e0!3m2!1spt-BR!2sbr!4v1705161547372!5m2!1spt-BR!2sbr\"\n          width=\"100%\"\n          height=\"100%\"\n          style=\"border:0;\"\n          allowfullscreen=\"\"\n          loading=\"lazy\"\n          referrerpolicy=\"no-referrer-when-downgrade\">\n        <\/iframe>\n      <\/div>\n\n    <\/div>\n  <\/div>\n<\/section>\n\n","protected":false},"excerpt":{"rendered":"<p>Entre em contato Utilize os canais dispon\u00edveis ou fa\u00e7a-nos uma visita! Hor\u00e1rios Segunda \u00e0 Sexta 08h \u00e0s 20:30h Telefone (48) 3626-8183 (48) 99958-4399 Endere\u00e7o Av. Marcolino Martins Cabral, Centro Comercial EJB, 926. 7\u00ba Andar \u2013 Sala 713<\/p>\n","protected":false},"author":2,"featured_media":0,"parent":0,"menu_order":0,"comment_status":"closed","ping_status":"closed","template":"","meta":{"_acf_changed":false,"_uag_custom_page_level_css":"","footnotes":""},"class_list":["post-161","page","type-page","status-publish","hentry"],"blocksy_meta":[],"acf":[],"uagb_featured_image_src":{"full":false,"thumbnail":false,"medium":false,"medium_large":false,"large":false,"1536x1536":false,"2048x2048":false},"uagb_author_info":{"display_name":"Paulo Henrique Theilacker","author_link":"https:\/\/odontotubarao.com.br\/index.php\/author\/paulohenriquetheilacker\/"},"uagb_comment_info":0,"uagb_excerpt":"Entre em contato Utilize os canais dispon\u00edveis ou fa\u00e7a-nos uma visita! Hor\u00e1rios Segunda \u00e0 Sexta 08h \u00e0s 20:30h Telefone (48) 3626-8183 (48) 99958-4399 Endere\u00e7o Av. Marcolino Martins Cabral, Centro Comercial EJB, 926. 7\u00ba Andar \u2013 Sala 713","_links":{"self":[{"href":"https:\/\/odontotubarao.com.br\/index.php\/wp-json\/wp\/v2\/pages\/161","targetHints":{"allow":["GET"]}}],"collection":[{"href":"https:\/\/odontotubarao.com.br\/index.php\/wp-json\/wp\/v2\/pages"}],"about":[{"href":"https:\/\/odontotubarao.com.br\/index.php\/wp-json\/wp\/v2\/types\/page"}],"author":[{"embeddable":true,"href":"https:\/\/odontotubarao.com.br\/index.php\/wp-json\/wp\/v2\/users\/2"}],"replies":[{"embeddable":true,"href":"https:\/\/odontotubarao.com.br\/index.php\/wp-json\/wp\/v2\/comments?post=161"}],"version-history":[{"count":2,"href":"https:\/\/odontotubarao.com.br\/index.php\/wp-json\/wp\/v2\/pages\/161\/revisions"}],"predecessor-version":[{"id":163,"href":"https:\/\/odontotubarao.com.br\/index.php\/wp-json\/wp\/v2\/pages\/161\/revisions\/163"}],"wp:attachment":[{"href":"https:\/\/odontotubarao.com.br\/index.php\/wp-json\/wp\/v2\/media?parent=161"}],"curies":[{"name":"wp","href":"https:\/\/api.w.org\/{rel}","templated":true}]}}