{"id":156,"date":"2025-06-30T18:39:26","date_gmt":"2025-06-30T18:39:26","guid":{"rendered":"https:\/\/odontotubarao.com.br\/?page_id=156"},"modified":"2025-06-30T18:43:29","modified_gmt":"2025-06-30T18:43:29","slug":"156-2","status":"publish","type":"page","link":"https:\/\/odontotubarao.com.br\/index.php\/156-2\/","title":{"rendered":"FAQ"},"content":{"rendered":"\n<!-- Perguntas Frequentes -->\n<section id=\"faq\" style=\"background-color: #2563EB; padding: 80px 0;\">\n  <div style=\"max-width: 768px; margin: 0 auto; padding: 0 16px;\">\n    <!-- T\u00edtulo -->\n    <div style=\"text-align: center; margin-bottom: 64px;\">\n      <h2 style=\"\n        color: #ffffff;\n        font-size: 2.5rem;\n        font-weight: bold;\n        margin-bottom: 16px;\n        font-family: Poppins, sans-serif;\n      \">\n        Perguntas Frequentes\n      <\/h2>\n      <p style=\"\n        color: rgba(255,255,255,0.9);\n        font-size: 1.125rem;\n        font-family: Poppins, sans-serif;\n      \">\n        Veja o que costumam perguntar para n\u00f3s\n      <\/p>\n    <\/div>\n\n    <!-- Lista de FAQs -->\n    <div id=\"faq-list\">\n\n      <!-- Item 1 -->\n      <div class=\"faq-item\" style=\"border-bottom: 2px solid #f40002; padding-bottom: 24px; margin-bottom: 24px;\">\n        <button type=\"button\" class=\"faq-question\" style=\"\n          width: 100%;\n          background: none;\n          border: none;\n          color: #ffffff;\n          font-size: 1.25rem;\n          font-weight: bold;\n          text-align: left;\n          display: flex;\n          justify-content: space-between;\n          align-items: center;\n          cursor: pointer;\n          padding: 0;\n          font-family: Poppins, sans-serif;\n        \">\n          <span>\u00c9 permitido ter acompanhante na consulta?<\/span>\n          <svg class=\"arrow\" style=\"width: 24px; height: 24px; transition: transform 0.3s;\" fill=\"none\" stroke=\"currentColor\" viewBox=\"0 0 24 24\">\n            <path stroke-linecap=\"round\" stroke-linejoin=\"round\" stroke-width=\"2\" d=\"M19 9l-7 7-7-7\"\/>\n          <\/svg>\n        <\/button>\n        <div class=\"faq-answer\" style=\"\n          max-height: 0;\n          overflow: hidden;\n          transition: max-height 0.3s ease;\n        \">\n          <p style=\"\n            color: rgba(255,255,255,0.9);\n            margin-top: 16px;\n            font-size: 1rem;\n            font-family: Poppins, sans-serif;\n            line-height: 1.5;\n          \">\n            Os pacientes podem entrar e ter um acompanhante durante o atendimento.\n          <\/p>\n        <\/div>\n      <\/div>\n\n      <!-- Item 2 -->\n      <div class=\"faq-item\" style=\"border-bottom: 2px solid #f40002; padding-bottom: 24px; margin-bottom: 24px;\">\n        <button type=\"button\" class=\"faq-question\" style=\"\n          width: 100%;\n          background: none;\n          border: none;\n          color: #ffffff;\n          font-size: 1.25rem;\n          font-weight: bold;\n          text-align: left;\n          display: flex;\n          justify-content: space-between;\n          align-items: center;\n          cursor: pointer;\n          padding: 0;\n          font-family: Poppins, sans-serif;\n        \">\n          <span>Como agendar uma consulta?<\/span>\n          <svg class=\"arrow\" style=\"width: 24px; height: 24px; transition: transform 0.3s;\" fill=\"none\" stroke=\"currentColor\" viewBox=\"0 0 24 24\">\n            <path stroke-linecap=\"round\" stroke-linejoin=\"round\" stroke-width=\"2\" d=\"M19 9l-7 7-7-7\"\/>\n          <\/svg>\n        <\/button>\n        <div class=\"faq-answer\" style=\"\n          max-height: 0;\n          overflow: hidden;\n          transition: max-height 0.3s ease;\n        \">\n          <p style=\"\n            color: rgba(255,255,255,0.9);\n            margin-top: 16px;\n            font-size: 1rem;\n            font-family: Poppins, sans-serif;\n            line-height: 1.5;\n          \">\n            Voc\u00ea pode agendar diretamente pelo WhatsApp, no bot\u00e3o fixo ou presente nas se\u00e7\u00f5es do site.\n          <\/p>\n        <\/div>\n      <\/div>\n\n      <!-- Item 3 -->\n      <div class=\"faq-item\" style=\"border-bottom: 2px solid #f40002; padding-bottom: 24px; margin-bottom: 24px;\">\n        <button type=\"button\" class=\"faq-question\" style=\"\n          width: 100%;\n          background: none;\n          border: none;\n          color: #ffffff;\n          font-size: 1.25rem;\n          font-weight: bold;\n          text-align: left;\n          display: flex;\n          justify-content: space-between;\n          align-items: center;\n          cursor: pointer;\n          padding: 0;\n          font-family: Poppins, sans-serif;\n        \">\n          <span>Atendem conv\u00eanios odontol\u00f3gicos?<\/span>\n          <svg class=\"arrow\" style=\"width: 24px; height: 24px; transition: transform 0.3s;\" fill=\"none\" stroke=\"currentColor\" viewBox=\"0 0 24 24\">\n            <path stroke-linecap=\"round\" stroke-linejoin=\"round\" stroke-width=\"2\" d=\"M19 9l-7 7-7-7\"\/>\n          <\/svg>\n        <\/button>\n        <div class=\"faq-answer\" style=\"\n          max-height: 0;\n          overflow: hidden;\n          transition: max-height 0.3s ease;\n        \">\n          <p style=\"\n            color: rgba(255,255,255,0.9);\n            margin-top: 16px;\n            font-size: 1rem;\n            font-family: Poppins, sans-serif;\n            line-height: 1.5;\n          \">\n            Sim! Atendemos diversos conv\u00eanios. Consulte nossa equipe para verificar se o seu plano \u00e9 aceito.\n          <\/p>\n        <\/div>\n      <\/div>\n\n    <\/div>\n  <\/div>\n<\/section>\n\n<!-- Script de comportamento -->\n<script>\n  document.addEventListener('DOMContentLoaded', function() {\n    const faqList = document.getElementById('faq-list');\n    if (!faqList) return;\n\n    const items = faqList.querySelectorAll('.faq-item');\n\n    items.forEach(item => {\n      const btn   = item.querySelector('.faq-question');\n      const ans   = item.querySelector('.faq-answer');\n      const arrow = item.querySelector('.arrow');\n\n      \/\/ garante altura zero no come\u00e7o\n      ans.style.maxHeight   = '0px';\n      arrow.style.transform = 'rotate(0deg)';\n\n      btn.addEventListener('click', function() {\n        const isOpen = item.classList.contains('open');\n\n        \/\/ fecha todos\n        items.forEach(i => {\n          const a  = i.querySelector('.faq-answer');\n          const ar = i.querySelector('.arrow');\n          i.classList.remove('open');\n          a.style.maxHeight   = '0px';\n          ar.style.transform  = 'rotate(0deg)';\n        });\n\n        \/\/ se n\u00e3o estava aberto, abre s\u00f3 este\n        if (!isOpen) {\n          item.classList.add('open');\n          ans.style.maxHeight   = ans.scrollHeight + 'px';\n          arrow.style.transform = 'rotate(180deg)';\n        }\n      });\n    });\n  });\n<\/script>\n\n\n\n","protected":false},"excerpt":{"rendered":"<p>Perguntas Frequentes Veja o que costumam perguntar para n\u00f3s \u00c9 permitido ter acompanhante na consulta? Os pacientes podem entrar e ter um acompanhante durante o atendimento. Como agendar uma consulta? Voc\u00ea pode agendar diretamente pelo WhatsApp, no bot\u00e3o fixo ou presente nas se\u00e7\u00f5es do site. Atendem conv\u00eanios odontol\u00f3gicos? Sim! Atendemos diversos conv\u00eanios. Consulte nossa equipe [&hellip;]<\/p>\n","protected":false},"author":2,"featured_media":0,"parent":0,"menu_order":0,"comment_status":"closed","ping_status":"closed","template":"","meta":{"_acf_changed":false,"_uag_custom_page_level_css":"","footnotes":""},"class_list":["post-156","page","type-page","status-publish","hentry"],"blocksy_meta":[],"acf":[],"uagb_featured_image_src":{"full":false,"thumbnail":false,"medium":false,"medium_large":false,"large":false,"1536x1536":false,"2048x2048":false},"uagb_author_info":{"display_name":"Paulo Henrique Theilacker","author_link":"https:\/\/odontotubarao.com.br\/index.php\/author\/paulohenriquetheilacker\/"},"uagb_comment_info":0,"uagb_excerpt":"Perguntas Frequentes Veja o que costumam perguntar para n\u00f3s \u00c9 permitido ter acompanhante na consulta? Os pacientes podem entrar e ter um acompanhante durante o atendimento. Como agendar uma consulta? Voc\u00ea pode agendar diretamente pelo WhatsApp, no bot\u00e3o fixo ou presente nas se\u00e7\u00f5es do site. Atendem conv\u00eanios odontol\u00f3gicos? Sim! Atendemos diversos conv\u00eanios. Consulte nossa equipe&hellip;","_links":{"self":[{"href":"https:\/\/odontotubarao.com.br\/index.php\/wp-json\/wp\/v2\/pages\/156","targetHints":{"allow":["GET"]}}],"collection":[{"href":"https:\/\/odontotubarao.com.br\/index.php\/wp-json\/wp\/v2\/pages"}],"about":[{"href":"https:\/\/odontotubarao.com.br\/index.php\/wp-json\/wp\/v2\/types\/page"}],"author":[{"embeddable":true,"href":"https:\/\/odontotubarao.com.br\/index.php\/wp-json\/wp\/v2\/users\/2"}],"replies":[{"embeddable":true,"href":"https:\/\/odontotubarao.com.br\/index.php\/wp-json\/wp\/v2\/comments?post=156"}],"version-history":[{"count":4,"href":"https:\/\/odontotubarao.com.br\/index.php\/wp-json\/wp\/v2\/pages\/156\/revisions"}],"predecessor-version":[{"id":160,"href":"https:\/\/odontotubarao.com.br\/index.php\/wp-json\/wp\/v2\/pages\/156\/revisions\/160"}],"wp:attachment":[{"href":"https:\/\/odontotubarao.com.br\/index.php\/wp-json\/wp\/v2\/media?parent=156"}],"curies":[{"name":"wp","href":"https:\/\/api.w.org\/{rel}","templated":true}]}}