{"id":154,"date":"2025-06-30T18:35:00","date_gmt":"2025-06-30T18:35:00","guid":{"rendered":"https:\/\/odontotubarao.com.br\/?page_id=154"},"modified":"2025-06-30T18:35:00","modified_gmt":"2025-06-30T18:35:00","slug":"avaliacoes","status":"publish","type":"page","link":"https:\/\/odontotubarao.com.br\/index.php\/avaliacoes\/","title":{"rendered":"Avalia\u00e7\u00f5es"},"content":{"rendered":"\n<section id=\"avaliacoes\" style=\"padding: 80px 0; background-color: #ffffff;\">\n  <div style=\"max-width: 1280px; margin: 0 auto; padding: 0 16px;\">\n\n    <!-- T\u00edtulo -->\n    <div style=\"text-align: center; margin-bottom: 80px;\">\n      <h2 style=\"color: #038dff; font-size: 32px; font-weight: 700; margin-bottom: 12px; font-family: Poppins, sans-serif;\">\n        Avalia\u00e7\u00f5es\n      <\/h2>\n      <p style=\"color: #333333; font-size: 18px; font-weight: 400; font-family: Poppins, sans-serif;\">\n        Veja o que eles falam sobre n\u00f3s!\n      <\/p>\n    <\/div>\n\n    <!-- Cards -->\n    <div style=\"display: flex; flex-wrap: wrap; justify-content: center; gap: 48px;\">\n\n      <!-- Card 1 -->\n      <div style=\"position: relative; width: 380px; height: 220px; background-color: #ffffff; border-radius: 16px; box-shadow: 0 4px 20px rgba(0,0,0,0.1); padding: 32px; box-sizing: border-box; transition: box-shadow .3s;\">\n        <div style=\"display: flex; align-items: flex-start; gap: 16px; margin-bottom: 16px;\">\n          <!-- Initial Circle -->\n          <div style=\"width: 48px; height: 48px; border-radius: 50%; background-color: #b734c2; display: flex; align-items: center; justify-content: center; box-shadow: 0 2px 8px rgba(0,0,0,0.1); flex-shrink: 0;\">\n            <span style=\"color: #ffffff; font-size: 20px; font-weight: 700; font-family: Poppins, sans-serif;\">A<\/span>\n          <\/div>\n          <div>\n            <!-- Name -->\n            <h3 style=\"margin: 0 0 8px 0; font-size: 18px; font-weight: 700; color: #000000; font-family: Poppins, sans-serif;\">\n              Angela Pacheco\n            <\/h3>\n            <!-- Stars -->\n            <div style=\"display: flex; gap: 4px;\">\n              <!-- repeat 5x -->\n              <svg width=\"20\" height=\"20\" fill=\"#FBBF24\" viewBox=\"0 0 20 20\"><path d=\"M9.049 2.927c.3-.921 1.603-.921 1.902 0l1.07 3.292a1 1 0 00.95.69h3.462c.969 0 1.371 1.24.588 1.81l-2.8 2.034a1 1 0 00-.364 1.118l1.07 3.292c.3.921-.755 1.688-1.54 1.118l-2.8-2.034a1 1 0 00-1.175 0l-2.8 2.034c-.784.57-1.838-.197-1.539-1.118l1.07-3.292a1 1 0 00-.364-1.118L2.98 8.72c-.783-.57-.38-1.81.588-1.81h3.461a1 1 0 00.951-.69l1.07-3.292z\"\/><\/svg>\n              <svg width=\"20\" height=\"20\" fill=\"#FBBF24\" viewBox=\"0 0 20 20\"><path d=\"M9.049 2.927c.3-.921 1.603-.921 1.902 0l1.07 3.292a1 1 0 00.95.69h3.462c.969 0 1.371 1.24.588 1.81l-2.8 2.034a1 1 0 00-.364 1.118l1.07 3.292c.3.921-.755 1.688-1.54 1.118l-2.8-2.034a1 1 0 00-1.175 0l-2.8 2.034c-.784.57-1.838-.197-1.539-1.118l1.07-3.292a1 1 0 00-.364-1.118L2.98 8.72c-.783-.57-.38-1.81.588-1.81h3.461a1 1 0 00.951-.69l1.07-3.292z\"\/><\/svg>\n              <svg width=\"20\" height=\"20\" fill=\"#FBBF24\" viewBox=\"0 0 20 20\"><path d=\"M9.049 2.927c.3-.921 1.603-.921 1.902 0l1.07 3.292a1 1 0 00.95.69h3.462c.969 0 1.371 1.24.588 1.81l-2.8 2.034a1 1 0 00-.364 1.118l1.07 3.292c.3.921-.755 1.688-1.54 1.118l-2.8-2.034a1 1 0 00-1.175 0l-2.8 2.034c-.784.57-1.838-.197-1.539-1.118l1.07-3.292a1 1 0 00-.364-1.118L2.98 8.72c-.783-.57-.38-1.81.588-1.81h3.461a1 1 0 00.951-.69l1.07-3.292z\"\/><\/svg>\n              <svg width=\"20\" height=\"20\" fill=\"#FBBF24\" viewBox=\"0 0 20 20\"><path d=\"M9.049 2.927c.3-.921 1.603-.921 1.902 0l1.07 3.292a1 1 0 00.95.69h3.462c.969 0 1.371 1.24.588 1.81l-2.8 2.034a1 1 0 00-.364 1.118l1.07 3.292c.3.921-.755 1.688-1.54 1.118l-2.8-2.034a1 1 0 00-1.175 0l-2.8 2.034c-.784.57-1.838-.197-1.539-1.118l1.07-3.292a1 1 0 00-.364-1.118L2.98 8.72c-.783-.57-.38-1.81.588-1.81h3.461a1 1 0 00.951-.69l1.07-3.292z\"\/><\/svg>\n              <svg width=\"20\" height=\"20\" fill=\"#FBBF24\" viewBox=\"0 0 20 20\"><path d=\"M9.049 2.927c.3-.921 1.603-.921 1.902 0l1.07 3.292a1 1 0 00.95.69h3.462c.969 0 1.371 1.24.588 1.81l-2.8 2.034a1 1 0 00-.364 1.118l1.07 3.292c.3.921-.755 1.688-1.54 1.118l-2.8-2.034a1 1 0 00-1.175 0l-2.8 2.034c-.784.57-1.838-.197-1.539-1.118l1.07-3.292a1 1 0 00-.364-1.118L2.98 8.72c-.783-.57-.38-1.81.588-1.81h3.461a1 1 0 00.951-.69l1.07-3.292z\"\/><\/svg>\n            <\/div>\n          <\/div>\n        <\/div>\n\n        <!-- Texto da avalia\u00e7\u00e3o -->\n        <p style=\"margin: 0; padding-left: 64px; color: #000000; font-size: 16px; line-height: 1.6; font-family: Poppins, sans-serif;\">\n          Profissionais e Atendimento excelentes!\n        <\/p>\n\n        <!-- Fonte (badge) -->\n        <div style=\"position: absolute; bottom: -16px; left: 50%; transform: translateX(-50%); white-space: nowrap;\">\n          <span style=\"display: inline-block; background-color: #038dff; color: #ffffff; font-size: 14px; padding: 8px 24px; border-radius: 9999px; box-shadow: 0 4px 20px rgba(0,0,0,0.1); font-family: Poppins, sans-serif;\">\n            Fonte: Avalia\u00e7\u00e3o no Google\n          <\/span>\n        <\/div>\n      <\/div>\n\n      <!-- Card 2 -->\n      <div style=\"position: relative; width: 380px; height: 220px; background-color: #ffffff; border-radius: 16px; box-shadow: 0 4px 20px rgba(0,0,0,0.1); padding: 32px; box-sizing: border-box; transition: box-shadow .3s;\">\n        <div style=\"display: flex; align-items: flex-start; gap: 16px; margin-bottom: 16px;\">\n          <div style=\"width: 48px; height: 48px; border-radius: 50%; background-color: #ff6f00; display: flex; align-items: center; justify-content: center; box-shadow: 0 2px 8px rgba(0,0,0,0.1); flex-shrink: 0;\">\n            <span style=\"color: #ffffff; font-size: 20px; font-weight: 700; font-family: Poppins, sans-serif;\">K<\/span>\n          <\/div>\n          <div>\n            <h3 style=\"margin: 0 0 8px 0; font-size: 18px; font-weight: 700; color: #000000; font-family: Poppins, sans-serif;\">\n              Kelly Silva\n            <\/h3>\n            <div style=\"display: flex; gap: 4px;\">\n              <!-- repeat 5x -->\n              <svg width=\"20\" height=\"20\" fill=\"#FBBF24\" viewBox=\"0 0 20 20\"><path d=\"M9.049 2.927c.3-.921...\" \/><\/svg>\n              <svg width=\"20\" height=\"20\" fill=\"#FBBF24\" viewBox=\"0 0 20 20\"><path d=\"M9.049 2.927c.3-.921...\" \/><\/svg>\n              <svg width=\"20\" height=\"20\" fill=\"#FBBF24\" viewBox=\"0 0 20 20\"><path d=\"M9.049 2.927c.3-.921...\" \/><\/svg>\n              <svg width=\"20\" height=\"20\" fill=\"#FBBF24\" viewBox=\"0 0 20 20\"><path d=\"M9.049 2.927c.3-.921...\" \/><\/svg>\n              <svg width=\"20\" height=\"20\" fill=\"#FBBF24\" viewBox=\"0 0 20 20\"><path d=\"M9.049 2.927c.3-.921...\" \/><\/svg>\n            <\/div>\n          <\/div>\n        <\/div>\n        <p style=\"margin: 0; padding-left: 64px; color: #000000; font-size: 16px; line-height: 1.6; font-family: Poppins, sans-serif;\">\n          \u00d3tima cl\u00ednica \ud83d\ude42\n        <\/p>\n        <div style=\"position: absolute; bottom: -16px; left: 50%; transform: translateX(-50%); white-space: nowrap;\">\n          <span style=\"display: inline-block; background-color: #038dff; color: #ffffff; font-size: 14px; padding: 8px 24px; border-radius: 9999px; box-shadow: 0 4px 20px rgba(0,0,0,0.1); font-family: Poppins, sans-serif;\">\n            Fonte: Avalia\u00e7\u00e3o no Google\n          <\/span>\n        <\/div>\n      <\/div>\n\n    <\/div>\n  <\/div>\n<\/section>\n\n","protected":false},"excerpt":{"rendered":"<p>Avalia\u00e7\u00f5es Veja o que eles falam sobre n\u00f3s! A Angela Pacheco Profissionais e Atendimento excelentes! Fonte: Avalia\u00e7\u00e3o no Google K Kelly Silva \u00d3tima cl\u00ednica \ud83d\ude42 Fonte: Avalia\u00e7\u00e3o no Google<\/p>\n","protected":false},"author":2,"featured_media":0,"parent":0,"menu_order":0,"comment_status":"closed","ping_status":"closed","template":"","meta":{"_acf_changed":false,"_uag_custom_page_level_css":"","footnotes":""},"class_list":["post-154","page","type-page","status-publish","hentry"],"blocksy_meta":[],"acf":[],"uagb_featured_image_src":{"full":false,"thumbnail":false,"medium":false,"medium_large":false,"large":false,"1536x1536":false,"2048x2048":false},"uagb_author_info":{"display_name":"Paulo Henrique Theilacker","author_link":"https:\/\/odontotubarao.com.br\/index.php\/author\/paulohenriquetheilacker\/"},"uagb_comment_info":0,"uagb_excerpt":"Avalia\u00e7\u00f5es Veja o que eles falam sobre n\u00f3s! A Angela Pacheco Profissionais e Atendimento excelentes! Fonte: Avalia\u00e7\u00e3o no Google K Kelly Silva \u00d3tima cl\u00ednica \ud83d\ude42 Fonte: Avalia\u00e7\u00e3o no Google","_links":{"self":[{"href":"https:\/\/odontotubarao.com.br\/index.php\/wp-json\/wp\/v2\/pages\/154","targetHints":{"allow":["GET"]}}],"collection":[{"href":"https:\/\/odontotubarao.com.br\/index.php\/wp-json\/wp\/v2\/pages"}],"about":[{"href":"https:\/\/odontotubarao.com.br\/index.php\/wp-json\/wp\/v2\/types\/page"}],"author":[{"embeddable":true,"href":"https:\/\/odontotubarao.com.br\/index.php\/wp-json\/wp\/v2\/users\/2"}],"replies":[{"embeddable":true,"href":"https:\/\/odontotubarao.com.br\/index.php\/wp-json\/wp\/v2\/comments?post=154"}],"version-history":[{"count":1,"href":"https:\/\/odontotubarao.com.br\/index.php\/wp-json\/wp\/v2\/pages\/154\/revisions"}],"predecessor-version":[{"id":155,"href":"https:\/\/odontotubarao.com.br\/index.php\/wp-json\/wp\/v2\/pages\/154\/revisions\/155"}],"wp:attachment":[{"href":"https:\/\/odontotubarao.com.br\/index.php\/wp-json\/wp\/v2\/media?parent=154"}],"curies":[{"name":"wp","href":"https:\/\/api.w.org\/{rel}","templated":true}]}}