{"id":130,"date":"2025-06-30T16:31:08","date_gmt":"2025-06-30T16:31:08","guid":{"rendered":"https:\/\/odontotubarao.com.br\/?page_id=130"},"modified":"2025-06-30T16:46:38","modified_gmt":"2025-06-30T16:46:38","slug":"servicos","status":"publish","type":"page","link":"https:\/\/odontotubarao.com.br\/index.php\/servicos\/","title":{"rendered":"Servi\u00e7os"},"content":{"rendered":"\n<div style=\"padding: 96px 0; background-color: white;\" id=\"servicos\">\n  <div style=\"max-width: 1280px; margin: 0 auto; padding: 0 16px;\">\n    <div style=\"text-align: center; margin-bottom: 80px;\">\n      <h2 style=\"color: #038DFF; font-size: 2.5rem; font-weight: 700; font-family: Poppins, sans-serif; margin-bottom: 16px;\">\n        Alguns servi\u00e7os\n      <\/h2>\n      <p style=\"font-size: 1.25rem; color: #4B5563; font-family: Poppins, sans-serif;\">\n        Conhe\u00e7a alguns de nossos servi\u00e7os!\n      <\/p>\n    <\/div>\n\n    <div style=\"display: flex; flex-wrap: wrap; justify-content: center;\">\n      <!-- Card 1 -->\n      <div style=\"background-color: #038DFF; width: 300px; min-height: 400px; padding: 32px; text-align: center; color: white; transform: translateY(-12px);\">\n        <img decoding=\"async\" src=\"https:\/\/odontotubarao.com.br\/wp-content\/uploads\/2025\/06\/Icon_facialHarmonization.png\" alt=\"Harmoniza\u00e7\u00e3o facial\" style=\"max-width: 96px; height: auto; margin: 0 auto 24px;\" \/>\n        <h3 style=\"font-size: 1.5rem; font-weight: 700; margin-bottom: 16px; font-family: Poppins, sans-serif; color: white\">\n          Harmoniza\u00e7\u00e3o facial\n        <\/h3>\n        <p style=\"font-size: 0.875rem; font-family: Poppins, sans-serif; line-height: 1.6;\">\n          A harmoniza\u00e7\u00e3o facial \u00e9 um conjunto de procedimentos est\u00e9ticos minimamente invasivos que real\u00e7am a beleza natural e promovem equil\u00edbrio entre os tra\u00e7os do rosto. Utilizamos t\u00e9cnicas seguras e produtos de alta qualidade para melhorar contornos, suavizar linhas de express\u00e3o e valorizar a autoestima do paciente. Tudo com acompanhamento profissional e resultado natural.\n        <\/p>\n      <\/div>\n\n      <!-- Card 2 -->\n      <div style=\"background-color: #FF0000; width: 300px; min-height: 400px; padding: 32px; text-align: center; color: white; transform: translateY(12px);\">\n        <img decoding=\"async\" src=\"https:\/\/odontotubarao.com.br\/wp-content\/uploads\/2025\/06\/Icon_contactLens.png\" alt=\"Lente de contato\" style=\"max-width: 96px; height: auto; margin: 0 auto 24px;\" \/>\n        <h3 style=\"font-size: 1.5rem; font-weight: 700; margin-bottom: 16px; font-family: Poppins, sans-serif; color: white\">\n          Lente de contato\n        <\/h3>\n        <p style=\"font-size: 0.875rem; font-family: Poppins, sans-serif; line-height: 1.6;\">\n          As lentes de contato dental s\u00e3o l\u00e2minas ultrafinas de porcelana aplicadas sobre os dentes para corrigir forma, cor, tamanho e pequenas imperfei\u00e7\u00f5es. \u00c9 uma solu\u00e7\u00e3o r\u00e1pida, duradoura e minimamente invasiva para quem deseja conquistar um sorriso mais branco, alinhado e harm\u00f4nico. Tudo com planejamento digital e precis\u00e3o nos detalhes para um resultado natural e encantador.\n        <\/p>\n      <\/div>\n\n      <!-- Card 3 -->\n      <div style=\"background-color: #038DFF; width: 300px; min-height: 400px; padding: 32px; text-align: center; color: white; transform: translateY(-12px);\">\n        <img decoding=\"async\" src=\"https:\/\/odontotubarao.com.br\/wp-content\/uploads\/2025\/06\/Icon_braces.png\" alt=\"Aparelho\" style=\"max-width: 96px; height: auto; margin: 0 auto 24px;\" \/>\n        <h3 style=\"font-size: 1.5rem; font-weight: 700; margin-bottom: 16px; font-family: Poppins, sans-serif; color: white\">\n          Aparelho\n        <\/h3>\n        <p style=\"font-size: 0.875rem; font-family: Poppins, sans-serif; line-height: 1.6;\">\n          O uso do aparelho ortod\u00f4ntico corrige o alinhamento dos dentes e a mordida, melhorando n\u00e3o s\u00f3 a est\u00e9tica do sorriso, mas tamb\u00e9m a sa\u00fade bucal como um todo. Trabalhamos com diferentes tipos de aparelhos \u2014 do tradicional ao est\u00e9tico \u2014 para atender \u00e0s necessidades de cada paciente com conforto, efici\u00eancia e acompanhamento especializado em todas as etapas do tratamento.\n        <\/p>\n      <\/div>\n\n      <!-- Card 4 -->\n      <div style=\"background-color: #FF0000; width: 300px; min-height: 400px; padding: 32px; text-align: center; color: white; transform: translateY(12px);\">\n        <img decoding=\"async\" src=\"https:\/\/odontotubarao.com.br\/wp-content\/uploads\/2025\/06\/Icon_implant.png\" alt=\"Implante\" style=\"max-width: 96px; height: auto; margin: 0 auto 24px;\" \/>\n        <h3 style=\"font-size: 1.5rem; font-weight: 700; margin-bottom: 16px; font-family: Poppins, sans-serif; color: white\">\n          Implante\n        <\/h3>\n        <p style=\"font-size: 0.875rem; font-family: Poppins, sans-serif; line-height: 1.6;\">\n          O implante dent\u00e1rio \u00e9 a solu\u00e7\u00e3o ideal para quem perdeu um ou mais dentes e deseja recuperar o sorriso com seguran\u00e7a, est\u00e9tica e funcionalidade. Trata-se de uma estrutura de tit\u00e2nio fixada ao osso, que substitui a raiz do dente perdido e serve de base para pr\u00f3teses definitivas. Um procedimento moderno, eficaz e com resultados que devolvem a confian\u00e7a ao sorrir.\n        <\/p>\n      <\/div>\n    <\/div>\n  <\/div>\n<\/div>\n","protected":false},"excerpt":{"rendered":"<p>Alguns servi\u00e7os Conhe\u00e7a alguns de nossos servi\u00e7os! Harmoniza\u00e7\u00e3o facial A harmoniza\u00e7\u00e3o facial \u00e9 um conjunto de procedimentos est\u00e9ticos minimamente invasivos que real\u00e7am a beleza natural e promovem equil\u00edbrio entre os tra\u00e7os do rosto. Utilizamos t\u00e9cnicas seguras e produtos de alta qualidade para melhorar contornos, suavizar linhas de express\u00e3o e valorizar a autoestima do paciente. Tudo [&hellip;]<\/p>\n","protected":false},"author":2,"featured_media":0,"parent":0,"menu_order":0,"comment_status":"closed","ping_status":"closed","template":"","meta":{"_acf_changed":false,"_uag_custom_page_level_css":"","footnotes":""},"class_list":["post-130","page","type-page","status-publish","hentry"],"blocksy_meta":[],"acf":[],"uagb_featured_image_src":{"full":false,"thumbnail":false,"medium":false,"medium_large":false,"large":false,"1536x1536":false,"2048x2048":false},"uagb_author_info":{"display_name":"Paulo Henrique Theilacker","author_link":"https:\/\/odontotubarao.com.br\/index.php\/author\/paulohenriquetheilacker\/"},"uagb_comment_info":0,"uagb_excerpt":"Alguns servi\u00e7os Conhe\u00e7a alguns de nossos servi\u00e7os! Harmoniza\u00e7\u00e3o facial A harmoniza\u00e7\u00e3o facial \u00e9 um conjunto de procedimentos est\u00e9ticos minimamente invasivos que real\u00e7am a beleza natural e promovem equil\u00edbrio entre os tra\u00e7os do rosto. Utilizamos t\u00e9cnicas seguras e produtos de alta qualidade para melhorar contornos, suavizar linhas de express\u00e3o e valorizar a autoestima do paciente. Tudo&hellip;","_links":{"self":[{"href":"https:\/\/odontotubarao.com.br\/index.php\/wp-json\/wp\/v2\/pages\/130","targetHints":{"allow":["GET"]}}],"collection":[{"href":"https:\/\/odontotubarao.com.br\/index.php\/wp-json\/wp\/v2\/pages"}],"about":[{"href":"https:\/\/odontotubarao.com.br\/index.php\/wp-json\/wp\/v2\/types\/page"}],"author":[{"embeddable":true,"href":"https:\/\/odontotubarao.com.br\/index.php\/wp-json\/wp\/v2\/users\/2"}],"replies":[{"embeddable":true,"href":"https:\/\/odontotubarao.com.br\/index.php\/wp-json\/wp\/v2\/comments?post=130"}],"version-history":[{"count":17,"href":"https:\/\/odontotubarao.com.br\/index.php\/wp-json\/wp\/v2\/pages\/130\/revisions"}],"predecessor-version":[{"id":148,"href":"https:\/\/odontotubarao.com.br\/index.php\/wp-json\/wp\/v2\/pages\/130\/revisions\/148"}],"wp:attachment":[{"href":"https:\/\/odontotubarao.com.br\/index.php\/wp-json\/wp\/v2\/media?parent=130"}],"curies":[{"name":"wp","href":"https:\/\/api.w.org\/{rel}","templated":true}]}}